{"id":20275,"date":"2025-08-18T14:33:00","date_gmt":"2025-08-18T20:33:00","guid":{"rendered":"https:\/\/atelierviajes.com\/?page_id=20275"},"modified":"2025-08-19T14:15:00","modified_gmt":"2025-08-19T20:15:00","slug":"cookie-policy-en","status":"publish","type":"page","link":"https:\/\/atelierviajes.com\/en\/politica-cookies\/","title":{"rendered":"Pol\u00edtica Cookies"},"content":{"rendered":"<div data-elementor-type=\"wp-page\" data-elementor-id=\"20275\" class=\"elementor elementor-20275\" data-elementor-post-type=\"page\">\n\t\t\t\t<div class=\"elementor-element elementor-element-fd39d0d e-flex e-con-boxed e-con e-parent\" data-id=\"fd39d0d\" data-element_type=\"container\" data-e-type=\"container\">\n\t\t\t\t\t<div class=\"e-con-inner\">\n\t\t\t\t<div class=\"elementor-element elementor-element-cf58ad4 elementor-widget elementor-widget-heading\" data-id=\"cf58ad4\" data-element_type=\"widget\" data-e-type=\"widget\" data-widget_type=\"heading.default\">\n\t\t\t\t<div class=\"elementor-widget-container\">\n\t\t\t\t\t<h1 class=\"elementor-heading-title elementor-size-default\">\ud83d\udcdd Cookie Policy<\/h1>\t\t\t\t<\/div>\n\t\t\t\t<\/div>\n\t\t\t\t\t<\/div>\n\t\t\t\t<\/div>\n\t\t<div class=\"elementor-element elementor-element-2db7d6e e-flex e-con-boxed e-con e-parent\" data-id=\"2db7d6e\" data-element_type=\"container\" data-e-type=\"container\">\n\t\t\t\t\t<div class=\"e-con-inner\">\n\t\t\t\t<div class=\"elementor-element elementor-element-702d698 elementor-widget elementor-widget-text-editor\" data-id=\"702d698\" data-element_type=\"widget\" data-e-type=\"widget\" data-widget_type=\"text-editor.default\">\n\t\t\t\t<div class=\"elementor-widget-container\">\n\t\t\t\t\t\t\t\t\t<p><b>COOKIE POLICY BY L'ATELIER VIAJES<\/b><\/p><p><b>Last updated:<\/b> August 18th, 2025<\/p><p><b>1. What are Cookies?<\/b> A cookie is a small text file that websites store on your browser when you visit them. Its purpose is to allow the website to remember information about your visit, such as your language, user preferences, or login data, which can make your next visit easier and the site more useful for you.<\/p><p>Cookies are essential for the functioning of the Internet, as they facilitate user interaction and navigation on the web. They are not software programs and do not contain malicious code; they cannot read data from your hard drive or transmit viruses.<\/p><p><b>2. Why do we use Cookies?<\/b> We use cookies for the following purposes:<\/p><ul><li><p><b>Technical:<\/b>To allow you to navigate the website and use its essential features, such as logging in or accessing secure areas.<\/p><\/li><li><p><b>Analytics<\/b>: To analyze how users interact with our site, including the number of visits, the most popular pages, and the time spent on them. This information allows us to improve the site's functionality and performance.<\/p><\/li><li><p><b>Advertising<\/b>: To display personalized and relevant ads to you, based on your interests and browsing habits.<\/p><\/li><\/ul><p><b>3. Types of Cookies used on this website<\/b><\/p><p>Below, we detail the first-party and third-party cookies that this site uses, as well as their purpose:<\/p><ul><li><p><b>First-party Cookies:<\/b>:<\/p><ul><li><p><b>Purpose:<\/b>User session management, language preferences, etc.<\/p><\/li><li><p><b>Duration<\/b>: 30 days.<\/p><\/li><\/ul><\/li><li><p><b>Third-party Cookies:<\/b>:<\/p><ul><li><p><b>Google Analytics<\/b>: Used to collect anonymous information about website usage and generate statistical reports. The data collected does not identify users individually. For more information, please consult Google's privacy policy.<\/p><\/li><li><p><b>WordPress<\/b>: Technical cookies necessary for the proper functioning of our blog platform and comment management.<\/p><\/li><li><p><b>Social Media (Facebook, Instagram, Google+, etc.)<\/b>: Our website has links to social media. These platforms may install cookies to track your interaction with our site. For information on the use of these cookies, you should consult the privacy policies of each social network.<\/p><\/li><\/ul><\/li><\/ul><p><b>4. User Consent<\/b> In accordance with the provisions of the Federal Law on the Protection of Personal Data Held by Private Parties (LFPDPPP) and its Regulations, by accessing and browsing this website, you accept the use of the cookies described in this policy, unless you have deactivated them through your browser settings.<\/p><p>By clicking the \u201cI Accept\u201d button on the cookie banner or by continuing to browse the site, you grant your express consent for the use of cookies.<\/p><p><b>5. Cookie Management<\/b> You can restrict, block, or delete the cookies installed on your computer at any time. Most browsers offer options to manage your cookies. We provide links to the guides for the most common browsers:<\/p><ul><li>Cookie configuration for\u00a0<a href=\"https:\/\/support.google.com\/chrome\/answer\/95647?hl=en\" target=\"_blank\" rel=\"noopener noreferrer nofollow\">Google Chrome<\/a><\/li><li>Cookie configuration for\u00a0<a href=\"https:\/\/support.apple.com\/en-gb\/105082\" target=\"_blank\" rel=\"noopener noreferrer nofollow\">Apple Safari<\/a><\/li><li>Cookie configuration for\u00a0<a href=\"https:\/\/support.microsoft.com\/en-us\/help\/17442\/windows-internet-explorer-delete-manage-cookies#ie=ie-10\" target=\"_blank\" rel=\"noopener noreferrer nofollow\">Internet Explorer<\/a><\/li><li>Cookie configuration for\u00a0<a href=\"https:\/\/support.mozilla.org\/en-US\/kb\/enhanced-tracking-protection-firefox-desktop?redirectlocale=en-US&amp;redirectslug=enable-and-disable-cookies-website-preferences\" target=\"_blank\" rel=\"noopener noreferrer nofollow\">Mozilla Firefox\u00a0<\/a><\/li><li>\u00a0<\/li><\/ul><p>Please note that if you deactivate cookies, some features of this website may not work correctly or your browsing experience may be less efficient.<\/p><p class=\"translation-block\">For any questions about this policy, you can contact us at \u00a0<a href=\"mailto:bea@atelierviajes.com\" target=\"_blank\" rel=\"noopener\">bea@atelierviajes.com<\/a>\u00a0.<\/p><p><b>6. Privacy Notice<\/b> This cookie policy is part of our\u00a0<a href=\"https:\/\/atelierviajes.com\/en\/legal-notice\/\" target=\"_blank\" rel=\"noopener\">Privacy Legal Notice<\/a>.<\/p><p>For more information on how we process your personal data, please click on this link at\u00a0<a href=\"https:\/\/www.osano.com\/articles\/privacy-notice\" target=\"_blank\" rel=\"noopener\">Privacy Notice<\/a>\u00a0in an Osano article.<\/p>\t\t\t\t\t\t\t\t<\/div>\n\t\t\t\t<\/div>\n\t\t\t\t\t<\/div>\n\t\t\t\t<\/div>\n\t\t\t\t<\/div>","protected":false},"excerpt":{"rendered":"<p>\ud83d\udcddPol\u00edtica de Cookies POL\u00cdTICA DE COOKIES DE L&#8217; ATELIER VIAJES \u00daltima actualizaci\u00f3n: 18 de agosto 2025 1. \u00bfQu\u00e9 son las Cookies? Una cookie es un peque\u00f1o archivo de texto que los sitios web almacenan en su navegador cuando los visita. Su prop\u00f3sito es permitir que el sitio web recuerde informaci\u00f3n sobre su visita, como su [&hellip;]<\/p>\n","protected":false},"author":1,"featured_media":0,"parent":0,"menu_order":0,"comment_status":"closed","ping_status":"closed","template":"elementor_header_footer","meta":{"footnotes":""},"class_list":["post-20275","page","type-page","status-publish","hentry"],"_links":{"self":[{"href":"https:\/\/atelierviajes.com\/en\/wp-json\/wp\/v2\/pages\/20275","targetHints":{"allow":["GET"]}}],"collection":[{"href":"https:\/\/atelierviajes.com\/en\/wp-json\/wp\/v2\/pages"}],"about":[{"href":"https:\/\/atelierviajes.com\/en\/wp-json\/wp\/v2\/types\/page"}],"author":[{"embeddable":true,"href":"https:\/\/atelierviajes.com\/en\/wp-json\/wp\/v2\/users\/1"}],"replies":[{"embeddable":true,"href":"https:\/\/atelierviajes.com\/en\/wp-json\/wp\/v2\/comments?post=20275"}],"version-history":[{"count":0,"href":"https:\/\/atelierviajes.com\/en\/wp-json\/wp\/v2\/pages\/20275\/revisions"}],"wp:attachment":[{"href":"https:\/\/atelierviajes.com\/en\/wp-json\/wp\/v2\/media?parent=20275"}],"curies":[{"name":"wp","href":"https:\/\/api.w.org\/{rel}","templated":true}]}}