{"id":20453,"date":"2025-08-19T18:24:07","date_gmt":"2025-08-20T00:24:07","guid":{"rendered":"https:\/\/atelierviajes.com\/?page_id=20453"},"modified":"2025-12-08T09:08:03","modified_gmt":"2025-12-08T15:08:03","slug":"portfolio-en","status":"publish","type":"page","link":"https:\/\/atelierviajes.com\/en\/portafolio\/","title":{"rendered":"Portfolio"},"content":{"rendered":"<div data-elementor-type=\"wp-page\" data-elementor-id=\"20453\" class=\"elementor elementor-20453\" data-elementor-post-type=\"page\">\n\t\t\t\t<div class=\"elementor-element elementor-element-0e88da1 e-flex e-con-boxed e-con e-parent\" data-id=\"0e88da1\" data-element_type=\"container\" data-e-type=\"container\">\n\t\t\t\t\t<div class=\"e-con-inner\">\n\t\t<div class=\"elementor-element elementor-element-7dec0f9 e-con-full e-flex e-con e-child\" data-id=\"7dec0f9\" data-element_type=\"container\" data-e-type=\"container\">\n\t\t\t\t<div class=\"elementor-element elementor-element-7fd9063 elementor-widget elementor-widget-link-in-bio-var-6\" data-id=\"7fd9063\" data-element_type=\"widget\" data-e-type=\"widget\" data-widget_type=\"link-in-bio-var-6.default\">\n\t\t\t\t<div class=\"elementor-widget-container\">\n\t\t\t\t\t\t\t<div class=\"e-link-in-bio e-link-in-bio-var-6\">\n\t\t\t<div class=\"e-link-in-bio__content\">\n\n\t\t\t\t\t\t<div class=\"e-link-in-bio__identity\">\n\t\t\t\t\t\t\t\t\t<div class=\"e-link-in-bio__identity-image e-link-in-bio__identity-image-profile has-style-circle\">\n\t\t\t\t\t\t\t<img loading=\"lazy\" decoding=\"async\" width=\"499\" height=\"500\" src=\"https:\/\/atelierviajes.com\/wp-content\/uploads\/2025\/06\/Bea-Rich.jpg\" class=\"e-link-in-bio__identity-image-element\" alt=\"Bea Rich\" srcset=\"https:\/\/atelierviajes.com\/wp-content\/uploads\/2025\/06\/Bea-Rich.jpg 499w, https:\/\/atelierviajes.com\/wp-content\/uploads\/2025\/06\/Bea-Rich-100x100.jpg 100w, https:\/\/atelierviajes.com\/wp-content\/uploads\/2025\/06\/Bea-Rich-300x300.jpg 300w, https:\/\/atelierviajes.com\/wp-content\/uploads\/2025\/06\/Bea-Rich-12x12.jpg 12w, https:\/\/atelierviajes.com\/wp-content\/uploads\/2025\/06\/Bea-Rich-350x350.jpg 350w\" sizes=\"auto, (max-width: 499px) 100vw, 499px\" title=\"\">\t\t\t\t\t\t\t\t\t\t\t\t\t<\/div>\n\t\t\t\t\t\t\t<\/div>\n\t\t\t\t\t<div class=\"e-link-in-bio__bio\">\n\t\t\t\t<h2 class=\"e-link-in-bio__heading\">Bea Haubi<\/h2>\t\t\t\t<h3 class=\"e-link-in-bio__title\">Custom Travel Journals, Designed to your Dreams<\/h3>\t\t\t\t\t\t\t\t<p class=\"e-link-in-bio__description\">Come and follow the traveling stories of personal discovery<\/p>\t\t\t<\/div>\n\t\t\t\t\t<div class=\"e-link-in-bio__icons has-size-small\">\n\t\t\t\t\t\t\t<div class=\"e-link-in-bio__icon is-size-small\">\n\t\t\t\t\t<a href=\"https:\/\/facebook.com\/latelierviajes\" target=\"_blank\" rel=\"noopener \" aria-label=\"Facebook\" class=\"e-link-in-bio__icon-link\">\n\t\t\t\t\t\t<span class=\"e-link-in-bio__icon-svg\">\n\t\t\t\t\t\t\t<i aria-hidden=\"true\" class=\"fab fa-facebook\"><\/i>\t\t\t\t\t\t<\/span>\n\t\t\t\t\t\t\t\t\t\t\t<\/a>\n\t\t\t\t<\/div>\n\t\t\t\t\t\t\t<div class=\"e-link-in-bio__icon is-size-small\">\n\t\t\t\t\t<a href=\"https:\/\/instagram.com\/latelierviajes\" target=\"_blank\" rel=\"noopener \" aria-label=\"Instagram\" class=\"e-link-in-bio__icon-link\">\n\t\t\t\t\t\t<span class=\"e-link-in-bio__icon-svg\">\n\t\t\t\t\t\t\t<i aria-hidden=\"true\" class=\"fab fa-instagram\"><\/i>\t\t\t\t\t\t<\/span>\n\t\t\t\t\t\t\t\t\t\t\t<\/a>\n\t\t\t\t<\/div>\n\t\t\t\t\t\t\t<div class=\"e-link-in-bio__icon is-size-small\">\n\t\t\t\t\t<a aria-label=\"Email\" class=\"e-link-in-bio__icon-link\" href=\"mailto:bea@atelierviajes.com\">\n\t\t\t\t\t\t<span class=\"e-link-in-bio__icon-svg\">\n\t\t\t\t\t\t\t<i aria-hidden=\"true\" class=\"fas fa-envelope\"><\/i>\t\t\t\t\t\t<\/span>\n\t\t\t\t\t\t\t\t\t\t\t<\/a>\n\t\t\t\t<\/div>\n\t\t\t\t\t\t\t<div class=\"e-link-in-bio__icon is-size-small\">\n\t\t\t\t\t<a href=\"https:\/\/www.linkedin.com\/in\/beatriz-haubi-atelier-viajes\/\" target=\"_blank\" rel=\"noopener \" aria-label=\"LinkedIn\" class=\"e-link-in-bio__icon-link\">\n\t\t\t\t\t\t<span class=\"e-link-in-bio__icon-svg\">\n\t\t\t\t\t\t\t<i aria-hidden=\"true\" class=\"fab fa-linkedin-in\"><\/i>\t\t\t\t\t\t<\/span>\n\t\t\t\t\t\t\t\t\t\t\t<\/a>\n\t\t\t\t<\/div>\n\t\t\t\t\t<\/div>\n\t\t\n\t\t<div class=\"e-link-in-bio__image-links has-2-columns\">\n\t\t\t\t\t\t\t<a href=\"https:\/\/atelierviajes.com\/en\/about-atelier\/\" target=\"_blank\" rel=\"noopener \" class=\"e-link-in-bio__image-links-link\">\n\t\t\t\t\t<img loading=\"lazy\" decoding=\"async\" width=\"128\" height=\"72\" src=\"https:\/\/atelierviajes.com\/wp-content\/uploads\/2025\/07\/Bea-Laguna-Sol-2016.jpg\" class=\"e-link-in-bio__image-links-img\" alt=\"I&#039;m Bea - my craft is designing soulful journeys\" srcset=\"https:\/\/atelierviajes.com\/wp-content\/uploads\/2025\/07\/Bea-Laguna-Sol-2016.jpg 1028w, https:\/\/atelierviajes.com\/wp-content\/uploads\/2025\/07\/Bea-Laguna-Sol-2016-600x338.jpg 600w, https:\/\/atelierviajes.com\/wp-content\/uploads\/2025\/07\/Bea-Laguna-Sol-2016-768x433.jpg 768w, https:\/\/atelierviajes.com\/wp-content\/uploads\/2025\/07\/Bea-Laguna-Sol-2016-18x10.jpg 18w\" sizes=\"auto, (max-width: 128px) 100vw, 128px\" title=\"\">\t\t\t\t<\/a>\n\t\t\t\t\t\t\t<a href=\"https:\/\/atelierviajes.com\/en\/services\/\" target=\"_blank\" rel=\"noopener \" class=\"e-link-in-bio__image-links-link\">\n\t\t\t\t\t<img loading=\"lazy\" decoding=\"async\" width=\"78\" height=\"96\" src=\"https:\/\/atelierviajes.com\/wp-content\/uploads\/2025\/06\/Brujula-azul-1.jpg\" class=\"e-link-in-bio__image-links-img\" alt=\"The Blue Compass\" srcset=\"https:\/\/atelierviajes.com\/wp-content\/uploads\/2025\/06\/Brujula-azul-1.jpg 878w, https:\/\/atelierviajes.com\/wp-content\/uploads\/2025\/06\/Brujula-azul-1-600x738.jpg 600w, https:\/\/atelierviajes.com\/wp-content\/uploads\/2025\/06\/Brujula-azul-1-10x12.jpg 10w, https:\/\/atelierviajes.com\/wp-content\/uploads\/2025\/06\/elementor\/thumbs\/Brujula-azul-1.jpg 880w\" sizes=\"auto, (max-width: 78px) 100vw, 78px\" title=\"\">\t\t\t\t<\/a>\n\t\t\t\t\t<\/div>\n\t\t\n\t\t\t<\/div>\n\t\t\t<div class=\"e-link-in-bio__bg\">\n\t\t\t\t<div class=\"e-link-in-bio__bg-overlay\"><\/div>\n\t\t\t<\/div>\n\t\t<\/div>\n\t\t\t\t\t\t<\/div>\n\t\t\t\t<\/div>\n\t\t\t\t<\/div>\n\t\t<div class=\"elementor-element elementor-element-c834fd7 e-con-full e-flex e-con e-child\" data-id=\"c834fd7\" data-element_type=\"container\" data-e-type=\"container\">\n\t\t<div class=\"elementor-element elementor-element-112e7b5 e-con-full e-flex e-con e-child\" data-id=\"112e7b5\" data-element_type=\"container\" data-e-type=\"container\">\n\t\t\t\t<div class=\"elementor-element elementor-element-88eafd7 elementor-widget elementor-widget-heading\" data-id=\"88eafd7\" data-element_type=\"widget\" data-e-type=\"widget\" data-widget_type=\"heading.default\">\n\t\t\t\t<div class=\"elementor-widget-container\">\n\t\t\t\t\t<h3 class=\"elementor-heading-title elementor-size-default\">WHEN A JOURNEY CHANGES EVERYTHING<\/h3>\t\t\t\t<\/div>\n\t\t\t\t<\/div>\n\t\t\t\t<div class=\"elementor-element elementor-element-aa14ca7 elementor-widget elementor-widget-heading\" data-id=\"aa14ca7\" data-element_type=\"widget\" data-e-type=\"widget\" data-widget_type=\"heading.default\">\n\t\t\t\t<div class=\"elementor-widget-container\">\n\t\t\t\t\t<h1 class=\"elementor-heading-title elementor-size-default\">\ud83c\udf3f TRAVEL JOURNALS<\/h1>\t\t\t\t<\/div>\n\t\t\t\t<\/div>\n\t\t\t\t<div class=\"elementor-element elementor-element-e421217 elementor-widget elementor-widget-heading\" data-id=\"e421217\" data-element_type=\"widget\" data-e-type=\"widget\" data-widget_type=\"heading.default\">\n\t\t\t\t<div class=\"elementor-widget-container\">\n\t\t\t\t\t<h2 class=\"elementor-heading-title elementor-size-default\">Portfolio Page \u2013 Success Stories <br>\u201cA Contracorriente\u201d<\/h2>\t\t\t\t<\/div>\n\t\t\t\t<\/div>\n\t\t\t\t<div class=\"elementor-element elementor-element-42e602e elementor-widget elementor-widget-text-editor\" data-id=\"42e602e\" data-element_type=\"widget\" data-e-type=\"widget\" data-widget_type=\"text-editor.default\">\n\t\t\t\t<div class=\"elementor-widget-container\">\n\t\t\t\t\t\t\t\t\t<p>Here you won\u2019t find reviews.\nYou\u2019ll find stories.<br data-start=\"752\" data-end=\"755\" \/>Each one is the echo of a brave decision: to stop postponing, to answer the call, to design a journey that speaks to the soul.<\/p><p>These are the voices of those who said \u201cyes\u201d to what they truly needed.<\/p><p>Every story begins with an inner whisper.<br data-start=\"1546\" data-end=\"1549\" \/>If yours has already begun \u2026<\/p>\t\t\t\t\t\t\t\t<\/div>\n\t\t\t\t<\/div>\n\t\t\t\t<div class=\"elementor-element elementor-element-4883ab9 elementor-align-left elementor-mobile-align-center elementor-widget elementor-widget-button\" data-id=\"4883ab9\" data-element_type=\"widget\" data-e-type=\"widget\" data-widget_type=\"button.default\">\n\t\t\t\t<div class=\"elementor-widget-container\">\n\t\t\t\t\t\t\t\t\t<div class=\"elementor-button-wrapper\">\n\t\t\t\t\t<a class=\"elementor-button elementor-button-link elementor-size-md\" href=\"https:\/\/atelierviajes.com\/en\/contact\/\" target=\"_blank\">\n\t\t\t\t\t\t<span class=\"elementor-button-content-wrapper\">\n\t\t\t\t\t\t\t\t\t<span class=\"elementor-button-text\">\ud83d\udc49 Let\u2019s design your own travel journal together<\/span>\n\t\t\t\t\t<\/span>\n\t\t\t\t\t<\/a>\n\t\t\t\t<\/div>\n\t\t\t\t\t\t\t\t<\/div>\n\t\t\t\t<\/div>\n\t\t\t\t<\/div>\n\t\t\t\t<\/div>\n\t\t\t\t\t<\/div>\n\t\t\t\t<\/div>\n\t\t<div class=\"elementor-element elementor-element-53136ce e-flex e-con-boxed e-con e-parent\" data-id=\"53136ce\" data-element_type=\"container\" data-e-type=\"container\">\n\t\t\t\t\t<div class=\"e-con-inner\">\n\t\t\t\t<div class=\"elementor-element elementor-element-8b0c258 elementor-grid-2 elementor-grid-tablet-2 elementor-grid-mobile-1 elementor-widget elementor-widget-portfolio\" data-id=\"8b0c258\" data-element_type=\"widget\" data-e-type=\"widget\" data-settings=\"{&quot;columns&quot;:&quot;2&quot;,&quot;row_gap&quot;:{&quot;unit&quot;:&quot;px&quot;,&quot;size&quot;:20,&quot;sizes&quot;:[]},&quot;columns_tablet&quot;:&quot;2&quot;,&quot;columns_mobile&quot;:&quot;1&quot;,&quot;item_ratio&quot;:{&quot;unit&quot;:&quot;px&quot;,&quot;size&quot;:0.66,&quot;sizes&quot;:[]},&quot;item_gap&quot;:{&quot;unit&quot;:&quot;px&quot;,&quot;size&quot;:&quot;&quot;,&quot;sizes&quot;:[]}}\" data-widget_type=\"portfolio.default\">\n\t\t\t\t<div class=\"elementor-widget-container\">\n\t\t\t\t\t\t\t<ul class=\"elementor-portfolio__filters\">\n\t\t\t<li class=\"elementor-portfolio__filter elementor-active\" tabindex=\"0\" data-filter=\"__all\">All<\/li>\n\t\t\t\t\t\t\t<li class=\"elementor-portfolio__filter\" tabindex=\"0\" data-filter=\"123\">Travel agency<\/li>\n\t\t\t\t\t\t\t<li class=\"elementor-portfolio__filter\" tabindex=\"0\" data-filter=\"124\">Booking Support<\/li>\n\t\t\t\t\t\t\t<li class=\"elementor-portfolio__filter\" tabindex=\"0\" data-filter=\"106\">Success Story<\/li>\n\t\t\t\t\t\t\t<li class=\"elementor-portfolio__filter\" tabindex=\"0\" data-filter=\"119\">Collaborations<\/li>\n\t\t\t\t\t\t\t<li class=\"elementor-portfolio__filter\" tabindex=\"0\" data-filter=\"121\">Purposeful Design<\/li>\n\t\t\t\t\t\t\t<li class=\"elementor-portfolio__filter\" tabindex=\"0\" data-filter=\"116\">The Camino on Wheels<\/li>\n\t\t\t\t\t\t\t<li class=\"elementor-portfolio__filter\" tabindex=\"0\" data-filter=\"118\">Daily Spirituality<\/li>\n\t\t\t\t\t\t\t<li class=\"elementor-portfolio__filter\" tabindex=\"0\" data-filter=\"113\">Northern Italy<\/li>\n\t\t\t\t\t\t\t<li class=\"elementor-portfolio__filter\" tabindex=\"0\" data-filter=\"108\">Soulful Travel<\/li>\n\t\t\t\t\t\t\t<li class=\"elementor-portfolio__filter\" tabindex=\"0\" data-filter=\"115\">Carefree Travel<\/li>\n\t\t\t\t\t\t\t<li class=\"elementor-portfolio__filter\" tabindex=\"0\" data-filter=\"122\">Women Travel<\/li>\n\t\t\t\t\t\t\t<li class=\"elementor-portfolio__filter\" tabindex=\"0\" data-filter=\"125\">\ud83c\udf0d Solo Travel<\/li>\n\t\t\t\t\t\t\t<li class=\"elementor-portfolio__filter\" tabindex=\"0\" data-filter=\"117\">\ud83c\udf3fA Contracorriente<\/li>\n\t\t\t\t\t\t\t<li class=\"elementor-portfolio__filter\" tabindex=\"0\" data-filter=\"126\">\ud83d\udee3\ufe0f Couple Travel<\/li>\n\t\t\t\t\t\t\t<li class=\"elementor-portfolio__filter\" tabindex=\"0\" data-filter=\"128\">\ud83e\udded Personal Transformation<\/li>\n\t\t\t\t\t<\/ul>\n\t\t\t\t<div class=\"elementor-portfolio elementor-grid elementor-posts-container\" role=\"list\">\n\t\t\t\t<article class=\"elementor-portfolio-item elementor-post elementor-filter-106 elementor-filter-121 elementor-filter-113 elementor-filter-108 elementor-filter-122 elementor-filter-125 elementor-filter-128 post-20482 portfolio type-portfolio status-publish has-post-thumbnail hentry portfolio-tags-caso-exito portfolio-tags-diseno-con-proposito portfolio-tags-norte-de-italia portfolio-tags-viaje-con-alma portfolio-tags-viajes-para-viajeras portfolio-tags-viajes-solo portfolio-tags-transformacion\" role=\"listitem\">\n\t\t\t<a class=\"elementor-post__thumbnail__link\" href=\"https:\/\/atelierviajes.com\/en\/portfolio\/caso-exito-sofia-norte-de-italia\/\">\n\t\t\t\t<div class=\"elementor-portfolio-item__img elementor-post__thumbnail\">\n\t\t\t<img loading=\"lazy\" decoding=\"async\" width=\"1604\" height=\"1080\" src=\"https:\/\/atelierviajes.com\/wp-content\/uploads\/2025\/08\/Puente-Santisima-Trinidad-Florencia-IT.jpg\" class=\"attachment-medium size-medium wp-image-20066\" alt=\"A Journey in Northern Italy &amp; Tuscany\" srcset=\"https:\/\/atelierviajes.com\/wp-content\/uploads\/2025\/08\/Puente-Santisima-Trinidad-Florencia-IT.jpg 1604w, https:\/\/atelierviajes.com\/wp-content\/uploads\/2025\/08\/Puente-Santisima-Trinidad-Florencia-IT-600x404.jpg 600w, https:\/\/atelierviajes.com\/wp-content\/uploads\/2025\/08\/Puente-Santisima-Trinidad-Florencia-IT-768x517.jpg 768w, https:\/\/atelierviajes.com\/wp-content\/uploads\/2025\/08\/Puente-Santisima-Trinidad-Florencia-IT-1536x1034.jpg 1536w, https:\/\/atelierviajes.com\/wp-content\/uploads\/2025\/08\/Puente-Santisima-Trinidad-Florencia-IT-18x12.jpg 18w\" sizes=\"auto, (max-width: 1604px) 100vw, 1604px\" title=\"\">\t\t<\/div>\n\t\t\t\t<div class=\"elementor-portfolio-item__overlay\">\n\t\t\t\t<h3 class=\"elementor-portfolio-item__title\">\n\t\tTuscany &amp; Northern Italy Boutique \u2192 A B2B standout for L\u2019Atelier Viajes\t\t<\/h3>\n\t\t\t\t<\/div>\n\t\t\t\t<\/a>\n\t\t<\/article>\n\t\t\t\t<article class=\"elementor-portfolio-item elementor-post elementor-filter-106 elementor-filter-121 elementor-filter-116 elementor-filter-118 elementor-filter-115 elementor-filter-117 elementor-filter-126 post-20670 portfolio type-portfolio status-publish has-post-thumbnail hentry portfolio-tags-caso-exito portfolio-tags-diseno-con-proposito portfolio-tags-camino-en-moto portfolio-tags-espiritualidad-cotidiana portfolio-tags-viaje-libre portfolio-tags-a-contracorriente portfolio-tags-pareja-2\" role=\"listitem\">\n\t\t\t<a class=\"elementor-post__thumbnail__link\" href=\"https:\/\/atelierviajes.com\/en\/portfolio\/caso-de-exito-un-camino-sobre-ruedas\/\">\n\t\t\t\t<div class=\"elementor-portfolio-item__img elementor-post__thumbnail\">\n\t\t\t<img loading=\"lazy\" decoding=\"async\" width=\"933\" height=\"516\" src=\"https:\/\/atelierviajes.com\/wp-content\/uploads\/2025\/08\/IMTBike-Northern-Spain.jpg\" class=\"attachment-medium size-medium wp-image-20133\" alt=\"El Camino on two wheels - Northern Spain\" srcset=\"https:\/\/atelierviajes.com\/wp-content\/uploads\/2025\/08\/IMTBike-Northern-Spain.jpg 933w, https:\/\/atelierviajes.com\/wp-content\/uploads\/2025\/08\/IMTBike-Northern-Spain-600x332.jpg 600w, https:\/\/atelierviajes.com\/wp-content\/uploads\/2025\/08\/IMTBike-Northern-Spain-768x425.jpg 768w, https:\/\/atelierviajes.com\/wp-content\/uploads\/2025\/08\/IMTBike-Northern-Spain-18x10.jpg 18w\" sizes=\"auto, (max-width: 933px) 100vw, 933px\" title=\"\">\t\t<\/div>\n\t\t\t\t<div class=\"elementor-portfolio-item__overlay\">\n\t\t\t\t<h3 class=\"elementor-portfolio-item__title\">\n\t\tNorthern Spain Road Journey \u2192 Roll\u2011say\u2011yes boutique experiences in motion\t\t<\/h3>\n\t\t\t\t<\/div>\n\t\t\t\t<\/a>\n\t\t<\/article>\n\t\t\t\t<article class=\"elementor-portfolio-item elementor-post elementor-filter-123 elementor-filter-124 elementor-filter-106 elementor-filter-119 elementor-filter-121 elementor-filter-122 post-20707 portfolio type-portfolio status-publish has-post-thumbnail hentry portfolio-tags-agencia-de-viajes portfolio-tags-asesoria-reservas portfolio-tags-caso-exito portfolio-tags-colaboraciones portfolio-tags-diseno-con-proposito portfolio-tags-viajes-para-viajeras\" role=\"listitem\">\n\t\t\t<a class=\"elementor-post__thumbnail__link\" href=\"https:\/\/atelierviajes.com\/en\/portfolio\/diseno-colaborativo-agente-de-viajes\/\">\n\t\t\t\t<div class=\"elementor-portfolio-item__img elementor-post__thumbnail\">\n\t\t\t<img loading=\"lazy\" decoding=\"async\" width=\"1536\" height=\"1071\" src=\"https:\/\/atelierviajes.com\/wp-content\/uploads\/2025\/09\/Agente-de-Viajes-Marktplatz-Rastatt.jpeg\" class=\"attachment-medium size-medium wp-image-20769\" alt=\"Itinerario boutique en Toscana y Norte de Italia, caso de \u00e9xito de agencia B2B con L\u2019Atelier Viajes\" srcset=\"https:\/\/atelierviajes.com\/wp-content\/uploads\/2025\/09\/Agente-de-Viajes-Marktplatz-Rastatt.jpeg 1536w, https:\/\/atelierviajes.com\/wp-content\/uploads\/2025\/09\/Agente-de-Viajes-Marktplatz-Rastatt-600x418.jpeg 600w, https:\/\/atelierviajes.com\/wp-content\/uploads\/2025\/09\/Agente-de-Viajes-Marktplatz-Rastatt-768x536.jpeg 768w, https:\/\/atelierviajes.com\/wp-content\/uploads\/2025\/09\/Agente-de-Viajes-Marktplatz-Rastatt-18x12.jpeg 18w\" sizes=\"auto, (max-width: 1536px) 100vw, 1536px\" title=\"\">\t\t<\/div>\n\t\t\t\t<div class=\"elementor-portfolio-item__overlay\">\n\t\t\t\t<h3 class=\"elementor-portfolio-item__title\">\n\t\tBlack Forest Route \u2192 Ready\u2011made elegance for agencies on a tight deadline\t\t<\/h3>\n\t\t\t\t<\/div>\n\t\t\t\t<\/a>\n\t\t<\/article>\n\t\t\t\t<article class=\"elementor-portfolio-item elementor-post elementor-filter-121 elementor-filter-108 elementor-filter-115 elementor-filter-125 elementor-filter-117 elementor-filter-126 post-20962 portfolio type-portfolio status-publish has-post-thumbnail hentry portfolio-tags-diseno-con-proposito portfolio-tags-viaje-con-alma portfolio-tags-viaje-libre portfolio-tags-viajes-solo portfolio-tags-a-contracorriente portfolio-tags-pareja-2\" role=\"listitem\">\n\t\t\t<a class=\"elementor-post__thumbnail__link\" href=\"https:\/\/atelierviajes.com\/en\/portfolio\/protocolos-de-viaje\/\">\n\t\t\t\t<div class=\"elementor-portfolio-item__img elementor-post__thumbnail\">\n\t\t\t<img loading=\"lazy\" decoding=\"async\" width=\"2000\" height=\"1210\" src=\"https:\/\/atelierviajes.com\/wp-content\/uploads\/2025\/08\/Pareja-visitando-belleza-y-cultura-1.jpg\" class=\"attachment-medium size-medium wp-image-21004\" alt=\"complicity, panning, and the importance of traveling with care and respect are also travel protocols\" srcset=\"https:\/\/atelierviajes.com\/wp-content\/uploads\/2025\/08\/Pareja-visitando-belleza-y-cultura-1.jpg 2000w, https:\/\/atelierviajes.com\/wp-content\/uploads\/2025\/08\/Pareja-visitando-belleza-y-cultura-1-600x363.jpg 600w, https:\/\/atelierviajes.com\/wp-content\/uploads\/2025\/08\/Pareja-visitando-belleza-y-cultura-1-768x465.jpg 768w, https:\/\/atelierviajes.com\/wp-content\/uploads\/2025\/08\/Pareja-visitando-belleza-y-cultura-1-1536x929.jpg 1536w, https:\/\/atelierviajes.com\/wp-content\/uploads\/2025\/08\/Pareja-visitando-belleza-y-cultura-1-18x12.jpg 18w\" sizes=\"auto, (max-width: 2000px) 100vw, 2000px\" title=\"\">\t\t<\/div>\n\t\t\t\t<div class=\"elementor-portfolio-item__overlay\">\n\t\t\t\t<h3 class=\"elementor-portfolio-item__title\">\n\t\tTravel Protocols A Contracorriente \u2013 Safety, Ethics, and Freedom in Travel\t\t<\/h3>\n\t\t\t\t<\/div>\n\t\t\t\t<\/a>\n\t\t<\/article>\n\t\t\t\t<\/div>\n\t\t\t\t\t\t<\/div>\n\t\t\t\t<\/div>\n\t\t\t\t\t<\/div>\n\t\t\t\t<\/div>\n\t\t\t\t<\/div>","protected":false},"excerpt":{"rendered":"<p>Bea Haubi Bit\u00e1coras de Viaje Dise\u00f1ados A tu Medida Acomp\u00e1\u00f1ame siguiendo historias de descubrimiento personal CUANDO UN VIAJE LO CAMBIA TODO \ud83c\udf3f BIT\u00c1CORAS DE VIAJE P\u00e1gina Portafolio \u2013 Casos de \u00c9xito \u201cA Contracorriente\u201d Aqu\u00ed no encontrar\u00e1s rese\u00f1as. Encontrar\u00e1s historias.Cada una es el eco de una decisi\u00f3n valiente: dejar de postergar, escuchar el llamado, dise\u00f1ar un [&hellip;]<\/p>\n","protected":false},"author":1,"featured_media":13006,"parent":0,"menu_order":0,"comment_status":"closed","ping_status":"closed","template":"","meta":{"footnotes":""},"class_list":["post-20453","page","type-page","status-publish","has-post-thumbnail","hentry"],"_links":{"self":[{"href":"https:\/\/atelierviajes.com\/en\/wp-json\/wp\/v2\/pages\/20453","targetHints":{"allow":["GET"]}}],"collection":[{"href":"https:\/\/atelierviajes.com\/en\/wp-json\/wp\/v2\/pages"}],"about":[{"href":"https:\/\/atelierviajes.com\/en\/wp-json\/wp\/v2\/types\/page"}],"author":[{"embeddable":true,"href":"https:\/\/atelierviajes.com\/en\/wp-json\/wp\/v2\/users\/1"}],"replies":[{"embeddable":true,"href":"https:\/\/atelierviajes.com\/en\/wp-json\/wp\/v2\/comments?post=20453"}],"version-history":[{"count":0,"href":"https:\/\/atelierviajes.com\/en\/wp-json\/wp\/v2\/pages\/20453\/revisions"}],"wp:featuredmedia":[{"embeddable":true,"href":"https:\/\/atelierviajes.com\/en\/wp-json\/wp\/v2\/media\/13006"}],"wp:attachment":[{"href":"https:\/\/atelierviajes.com\/en\/wp-json\/wp\/v2\/media?parent=20453"}],"curies":[{"name":"wp","href":"https:\/\/api.w.org\/{rel}","templated":true}]}}