{"id":26725,"date":"2026-02-21T12:04:22","date_gmt":"2026-02-21T18:04:22","guid":{"rendered":"https:\/\/atelierviajes.com\/"},"modified":"2026-02-22T09:45:48","modified_gmt":"2026-02-22T15:45:48","slug":"guides","status":"publish","type":"page","link":"https:\/\/atelierviajes.com\/en\/guias\/","title":{"rendered":"Guides"},"content":{"rendered":"<div data-elementor-type=\"wp-page\" data-elementor-id=\"26725\" class=\"elementor elementor-26725\" data-elementor-post-type=\"page\">\n\t\t\t\t<div class=\"elementor-element elementor-element-4609810 e-con-full e-flex e-con e-parent\" data-id=\"4609810\" data-element_type=\"container\" data-e-type=\"container\">\n\t\t<div class=\"elementor-element elementor-element-25139e1 e-con-full e-flex e-con e-child\" data-id=\"25139e1\" data-element_type=\"container\" data-e-type=\"container\" data-settings=\"{&quot;background_background&quot;:&quot;classic&quot;}\">\n\t\t<div class=\"elementor-element elementor-element-1ab0ccb e-con-full e-flex e-con e-child\" data-id=\"1ab0ccb\" data-element_type=\"container\" data-e-type=\"container\">\n\t\t\t\t<div class=\"elementor-element elementor-element-42c803b elementor-widget elementor-widget-heading\" data-id=\"42c803b\" data-element_type=\"widget\" data-e-type=\"widget\" data-widget_type=\"heading.default\">\n\t\t\t\t<div class=\"elementor-widget-container\">\n\t\t\t\t\t<h3 class=\"elementor-heading-title elementor-size-default\">Let\u2019s Begin the Journey<\/h3>\t\t\t\t<\/div>\n\t\t\t\t<\/div>\n\t\t\t\t<div class=\"elementor-element elementor-element-e8d88e2 elementor-widget elementor-widget-heading\" data-id=\"e8d88e2\" data-element_type=\"widget\" data-e-type=\"widget\" data-widget_type=\"heading.default\">\n\t\t\t\t<div class=\"elementor-widget-container\">\n\t\t\t\t\t<h1 class=\"elementor-heading-title elementor-size-default\">Guides<\/h1>\t\t\t\t<\/div>\n\t\t\t\t<\/div>\n\t\t\t\t<div class=\"elementor-element elementor-element-ba640e4 elementor-widget elementor-widget-heading\" data-id=\"ba640e4\" data-element_type=\"widget\" data-e-type=\"widget\" data-widget_type=\"heading.default\">\n\t\t\t\t<div class=\"elementor-widget-container\">\n\t\t\t\t\t<h2 class=\"elementor-heading-title elementor-size-default\">Romanticismo en Europa \u00b7 Aplicado al viajero contempor\u00e1neo<\/h2>\t\t\t\t<\/div>\n\t\t\t\t<\/div>\n\t\t\t\t<\/div>\n\t\t\t\t<\/div>\n\t\t\t\t<\/div>\n\t\t<div class=\"elementor-element elementor-element-26cf02a e-flex e-con-boxed e-con e-parent\" data-id=\"26cf02a\" data-element_type=\"container\" data-e-type=\"container\">\n\t\t\t\t\t<div class=\"e-con-inner\">\n\t\t\t\t<div class=\"elementor-element elementor-element-5997d52 elementor-widget elementor-widget-heading\" data-id=\"5997d52\" data-element_type=\"widget\" data-e-type=\"widget\" data-widget_type=\"heading.default\">\n\t\t\t\t<div class=\"elementor-widget-container\">\n\t\t\t\t\t<h3 class=\"elementor-heading-title elementor-size-default\">Cada destino merece algo m\u00e1s que una lista de recomendaciones.<\/h3>\t\t\t\t<\/div>\n\t\t\t\t<\/div>\n\t\t\t\t<div class=\"elementor-element elementor-element-ac7b370 elementor-widget elementor-widget-text-editor\" data-id=\"ac7b370\" data-element_type=\"widget\" data-e-type=\"widget\" data-widget_type=\"text-editor.default\">\n\t\t\t\t<div class=\"elementor-widget-container\">\n\t\t\t\t\t\t\t\t\t<p data-start=\"311\" data-end=\"524\">Las Gu\u00edas A Contracorriente aplican la mirada del Romanticismo del siglo XVIII al viajero contempor\u00e1neo: una forma de viajar que integra <b>cultura, arte, naturaleza y un toque de aventura\u00a0<\/b>en una misma regi\u00f3n.<\/p><p data-start=\"224\" data-end=\"464\">Cada ciudad se presenta como base estrat\u00e9gica para comprender el territorio en su contexto hist\u00f3rico y cultural, descubrir su esencia a trav\u00e9s de una selecci\u00f3n cuidada de espacios con car\u00e1cter y abrir rumbos cercanos sin dispersar el viaje.<\/p><p data-start=\"466\" data-end=\"608\">Est\u00e1n pensadas para <b>acompa\u00f1arte desde el inicio<\/b> y ayudarte a <b>dise\u00f1ar un recorrido<\/b> con intenci\u00f3n y ritmo propio.<\/p>\t\t\t\t\t\t\t\t<\/div>\n\t\t\t\t<\/div>\n\t\t\t\t\t<\/div>\n\t\t\t\t<\/div>\n\t\t\t\t<\/div>","protected":false},"excerpt":{"rendered":"<p>Inicia tu viaje con alma Gu\u00edas A Contracorriente Romanticismo en Europa \u00b7 Aplicado al viajero contempor\u00e1neo Cada destino merece algo m\u00e1s que una lista de recomendaciones. Las Gu\u00edas A Contracorriente aplican la mirada del Romanticismo del siglo XVIII al viajero contempor\u00e1neo: una forma de viajar que integra cultura, arte, naturaleza y un toque de aventura\u00a0en [&hellip;]<\/p>\n","protected":false},"author":1,"featured_media":0,"parent":0,"menu_order":0,"comment_status":"closed","ping_status":"closed","template":"elementor_header_footer","meta":{"footnotes":""},"class_list":["post-26725","page","type-page","status-publish","hentry"],"_links":{"self":[{"href":"https:\/\/atelierviajes.com\/en\/wp-json\/wp\/v2\/pages\/26725","targetHints":{"allow":["GET"]}}],"collection":[{"href":"https:\/\/atelierviajes.com\/en\/wp-json\/wp\/v2\/pages"}],"about":[{"href":"https:\/\/atelierviajes.com\/en\/wp-json\/wp\/v2\/types\/page"}],"author":[{"embeddable":true,"href":"https:\/\/atelierviajes.com\/en\/wp-json\/wp\/v2\/users\/1"}],"replies":[{"embeddable":true,"href":"https:\/\/atelierviajes.com\/en\/wp-json\/wp\/v2\/comments?post=26725"}],"version-history":[{"count":0,"href":"https:\/\/atelierviajes.com\/en\/wp-json\/wp\/v2\/pages\/26725\/revisions"}],"wp:attachment":[{"href":"https:\/\/atelierviajes.com\/en\/wp-json\/wp\/v2\/media?parent=26725"}],"curies":[{"name":"wp","href":"https:\/\/api.w.org\/{rel}","templated":true}]}}